{"id":67,"date":"2026-03-05T12:47:39","date_gmt":"2026-03-05T11:47:39","guid":{"rendered":"https:\/\/lesfilantes.fr\/?page_id=67"},"modified":"2026-03-05T13:49:47","modified_gmt":"2026-03-05T12:49:47","slug":"le-festin-de-groumpf","status":"publish","type":"page","link":"https:\/\/lesfilantes.fr\/index.php\/le-festin-de-groumpf\/","title":{"rendered":"Le Festin de Groumpf"},"content":{"rendered":"\n<p>Le Festin de Groumpf est un spectacle du <a href=\"https:\/\/lamoire.fr\" data-type=\"link\" data-id=\"https:\/\/lamoire.fr\">collectif La Moire<\/a> produit par les Filantes. Pour en savoir plus rendez-vous sur la <a href=\"https:\/\/lamoire.fr\/creation\/le-festin-de-groumpf\/\" data-type=\"link\" data-id=\"https:\/\/lamoire.fr\/creation\/le-festin-de-groumpf\/\">page du spectacle<\/a>.<\/p>\n\n\n\n<div class=\"wp-block-columns are-vertically-aligned-center is-layout-flex wp-container-core-columns-is-layout-28f84493 wp-block-columns-is-layout-flex\">\n<div class=\"wp-block-column is-vertically-aligned-center is-layout-flow wp-block-column-is-layout-flow\" style=\"flex-basis:100%\">\n<div class=\"wp-block-group is-layout-constrained wp-block-group-is-layout-constrained\">\n<div class=\"wp-block-group is-vertical is-layout-flex wp-container-core-group-is-layout-fe9cc265 wp-block-group-is-layout-flex\">\n<p>Ecrit et interpr\u00e9t\u00e9 par <strong>El\u00e9na Adragna<\/strong> et <strong>C\u00e9cile Grosjean<\/strong><\/p>\n\n\n\n<p>Musique de no\u00ebl punk originale par <strong>Guilhaume Renard<\/strong><\/p>\n\n\n\n<p>Spectacle jeune public tout public \u00e0 partir de 5 ans<\/p>\n\n\n\n<p>Dur\u00e9e 40 minutes environ + <strong>boom<\/strong> selon commande<\/p>\n\n\n\n<p><strong>Spectacle tout terrain<\/strong>, salles, \u00e9coles, ext\u00e9rieurs et lieux non-d\u00e9di\u00e9s<\/p>\n<\/div>\n<\/div>\n<\/div>\n<\/div>\n\n\n\n<p>Deux amies \u2013 une com\u00e9dienne et une clowne \u2013 d\u00e9cident de revisiter les contes qui ont berc\u00e9 leur enfance. Entre un Chaperon Rouge en mission pour r\u00e9veiller son papi bougon, une Blanche-Neige syndiqu\u00e9e, un Crochet harcel\u00e9 par un crocodile m\u00e9lomane et un Loup lass\u00e9 de sa mauvaise r\u00e9putation, elles bricolent un spectacle tendre et punk, dr\u00f4le et mordant, o\u00f9 petits et grands sont invit\u00e9s \u00e0 r\u00e9inventer les histoires\u2026 et \u00e0 danser au r\u00e9veillon !<\/p>\n\n\n\n<p class=\"has-text-align-center\"><em>\u201cUne boom finale pour cl\u00f4turer le spectacle\u201d<\/em><\/p>\n\n\n\n<blockquote class=\"wp-block-quote is-layout-flow wp-block-quote-is-layout-flow\">\n<p class=\"has-text-align-center\">\u00ab&nbsp;un spectacle pour que les grands s\u2019amusent autant que les petits&nbsp;\u00bb<\/p>\n<\/blockquote>\n\n\n\n<figure class=\"wp-block-image aligncenter size-large\"><img loading=\"lazy\" decoding=\"async\" width=\"768\" height=\"1024\" src=\"https:\/\/lesfilantes.fr\/wp-content\/uploads\/2026\/03\/1759867771742-768x1024.jpg\" alt=\"\" class=\"wp-image-68\" style=\"aspect-ratio:1;object-fit:contain\" srcset=\"https:\/\/lesfilantes.fr\/wp-content\/uploads\/2026\/03\/1759867771742-768x1024.jpg 768w, https:\/\/lesfilantes.fr\/wp-content\/uploads\/2026\/03\/1759867771742-225x300.jpg 225w, https:\/\/lesfilantes.fr\/wp-content\/uploads\/2026\/03\/1759867771742-1152x1536.jpg 1152w, https:\/\/lesfilantes.fr\/wp-content\/uploads\/2026\/03\/1759867771742.jpg 1530w\" sizes=\"auto, (max-width: 768px) 100vw, 768px\" \/><\/figure>\n","protected":false},"excerpt":{"rendered":"<p>Le Festin de Groumpf est un spectacle du collectif La Moire produit par les Filantes. Pour en savoir plus rendez-vous [&hellip;]<\/p>\n","protected":false},"author":1,"featured_media":0,"parent":0,"menu_order":0,"comment_status":"closed","ping_status":"closed","template":"","meta":{"site-sidebar-layout":"default","site-content-layout":"","ast-site-content-layout":"default","site-content-style":"default","site-sidebar-style":"default","ast-global-header-display":"","ast-banner-title-visibility":"","ast-main-header-display":"","ast-hfb-above-header-display":"","ast-hfb-below-header-display":"","ast-hfb-mobile-header-display":"","site-post-title":"","ast-breadcrumbs-content":"","ast-featured-img":"","footer-sml-layout":"","ast-disable-related-posts":"","theme-transparent-header-meta":"","adv-header-id-meta":"","stick-header-meta":"","header-above-stick-meta":"","header-main-stick-meta":"","header-below-stick-meta":"","astra-migrate-meta-layouts":"default","ast-page-background-enabled":"default","ast-page-background-meta":{"desktop":{"background-color":"var(--ast-global-color-5)","background-image":"","background-repeat":"repeat","background-position":"center center","background-size":"auto","background-attachment":"scroll","background-type":"","background-media":"","overlay-type":"","overlay-color":"","overlay-opacity":"","overlay-gradient":""},"tablet":{"background-color":"","background-image":"","background-repeat":"repeat","background-position":"center center","background-size":"auto","background-attachment":"scroll","background-type":"","background-media":"","overlay-type":"","overlay-color":"","overlay-opacity":"","overlay-gradient":""},"mobile":{"background-color":"","background-image":"","background-repeat":"repeat","background-position":"center center","background-size":"auto","background-attachment":"scroll","background-type":"","background-media":"","overlay-type":"","overlay-color":"","overlay-opacity":"","overlay-gradient":""}},"ast-content-background-meta":{"desktop":{"background-color":"var(--ast-global-color-4)","background-image":"","background-repeat":"repeat","background-position":"center center","background-size":"auto","background-attachment":"scroll","background-type":"","background-media":"","overlay-type":"","overlay-color":"","overlay-opacity":"","overlay-gradient":""},"tablet":{"background-color":"var(--ast-global-color-4)","background-image":"","background-repeat":"repeat","background-position":"center center","background-size":"auto","background-attachment":"scroll","background-type":"","background-media":"","overlay-type":"","overlay-color":"","overlay-opacity":"","overlay-gradient":""},"mobile":{"background-color":"var(--ast-global-color-4)","background-image":"","background-repeat":"repeat","background-position":"center center","background-size":"auto","background-attachment":"scroll","background-type":"","background-media":"","overlay-type":"","overlay-color":"","overlay-opacity":"","overlay-gradient":""}},"footnotes":""},"class_list":["post-67","page","type-page","status-publish","hentry"],"_links":{"self":[{"href":"https:\/\/lesfilantes.fr\/index.php\/wp-json\/wp\/v2\/pages\/67","targetHints":{"allow":["GET"]}}],"collection":[{"href":"https:\/\/lesfilantes.fr\/index.php\/wp-json\/wp\/v2\/pages"}],"about":[{"href":"https:\/\/lesfilantes.fr\/index.php\/wp-json\/wp\/v2\/types\/page"}],"author":[{"embeddable":true,"href":"https:\/\/lesfilantes.fr\/index.php\/wp-json\/wp\/v2\/users\/1"}],"replies":[{"embeddable":true,"href":"https:\/\/lesfilantes.fr\/index.php\/wp-json\/wp\/v2\/comments?post=67"}],"version-history":[{"count":3,"href":"https:\/\/lesfilantes.fr\/index.php\/wp-json\/wp\/v2\/pages\/67\/revisions"}],"predecessor-version":[{"id":117,"href":"https:\/\/lesfilantes.fr\/index.php\/wp-json\/wp\/v2\/pages\/67\/revisions\/117"}],"wp:attachment":[{"href":"https:\/\/lesfilantes.fr\/index.php\/wp-json\/wp\/v2\/media?parent=67"}],"curies":[{"name":"wp","href":"https:\/\/api.w.org\/{rel}","templated":true}]}}