{"id":64,"date":"2026-03-05T12:36:33","date_gmt":"2026-03-05T11:36:33","guid":{"rendered":"https:\/\/lesfilantes.fr\/?page_id=64"},"modified":"2026-03-05T13:50:11","modified_gmt":"2026-03-05T12:50:11","slug":"monique-sous-les-platanes","status":"publish","type":"page","link":"https:\/\/lesfilantes.fr\/index.php\/monique-sous-les-platanes\/","title":{"rendered":"Monique sous les Platanes"},"content":{"rendered":"\n<p>Monique sous les Platanes est un spectacle du <a href=\"https:\/\/lamoire.fr\" data-type=\"link\" data-id=\"https:\/\/lamoire.fr\">collectif La Moire<\/a> produit par les Filantes. Pour en savoir plus rendez-vous sur la <a href=\"https:\/\/lamoire.fr\/creation\/monique-sous-les-platanes\/\" data-type=\"link\" data-id=\"https:\/\/lamoire.fr\/creation\/monique-sous-les-platanes\/\">page du spectacle<\/a>.<\/p>\n\n\n\n<figure class=\"wp-block-image aligncenter\"><img decoding=\"async\" src=\"http:\/\/lamoire.fr\/wp-content\/uploads\/2025\/09\/DSC_5886-copie-2-1024x862.jpg\" alt=\"\" class=\"wp-image-83\" style=\"aspect-ratio:16\/9;object-fit:contain\"\/><\/figure>\n\n\n\n<p class=\"has-text-align-center\"><\/p>\n\n\n\n<div class=\"wp-block-group is-content-justification-right is-layout-constrained wp-container-core-group-is-layout-f1f2ed93 wp-block-group-is-layout-constrained\">\n<ul class=\"wp-block-list\">\n<li>9 personnages pour une com\u00e9dienne et un musicien<\/li>\n\n\n\n<li>Spectacle \u00e0 partir de 11 ans<\/li>\n\n\n\n<li>Dur\u00e9e 1h10<\/li>\n<\/ul>\n\n\n\n<ul class=\"wp-block-list\">\n<li>Spectacle tout terrains, salles et espaces non d\u00e9di\u00e9s<\/li>\n\n\n\n<li>Sonorisation possible pour les grandes jauges&nbsp;<\/li>\n\n\n\n<li>Installation lumi\u00e8re sur demande<\/li>\n<\/ul>\n<\/div>\n\n\n\n<pre class=\"wp-block-preformatted\"><br>Texte et id\u00e9e originale, interpr\u00e9tation:  C\u00e9cile Grosjean<br>Musique originale: Guilhaume Renard<br>Collaboration artistique\/mise en sc\u00e8ne: Magma et Michael Monnin <br>Regards ext\u00e9rieurs:  Elena Adragna, Niccol\u00f2 Scognamiglio <\/pre>\n\n\n\n<blockquote class=\"wp-block-quote has-text-align-center is-layout-flow wp-block-quote-is-layout-flow\">\n<p>\u00a0\u00bb Entends-tu les femmes qui sont venues avant moi<br>cinq cent mille voix<br>qui r\u00e9sonnent dans mon cou<br>comme s\u2019il \u00e9tait toute une tribune construite pour elles<br>je ne sais dire quelles parties de moi sont moi<br>et quelles parties sont elles<br>les vois-tu prendre le contr\u00f4le de mon esprit<br>se d\u00e9battre pour sortir de mes membres<br>faire tout<br>ce qu\u2019elles ne pouvaient pas faire<br>lorsqu\u2019elles \u00e9taient vivantes\u00a0\u00bb<\/p>\n\n\n\n<p>Rupi Kaur, home body<\/p>\n<\/blockquote>\n\n\n\n<blockquote class=\"wp-block-quote is-layout-flow wp-block-quote-is-layout-flow\">\n<p class=\"has-text-align-center\">\u00ab\u00a0<strong>Marie&nbsp;<\/strong>\u2013 vous \u00eates la patronne du bar?<br><strong>Monique<\/strong>&nbsp;\u2013 et qui la demande?<br><strong>Marie<\/strong>&nbsp;\u2013 Marie Jambon, femme au foyer. Je suis actuellement un peu pompette, je viens de me pavaner en costume de phallus g\u00e9ant \u00e0 un s\u00e9minaire de publicitaires Leclerc, et avec ma copine Louise -bon, qui est un peu raciste, mais on a toute une amie raciste non?- nous aimerions bien boire un dernier verre d\u2019autant plus que notre voiture est en panne parce que Louise joue au cocker De Gaules toutes babines \u00e0 l\u2019air \u00e0 sa fen\u00eatre !\u00a0\u00bb&nbsp;<br>&nbsp;Monique sous les Platanes<\/p>\n<\/blockquote>\n","protected":false},"excerpt":{"rendered":"<p>Monique sous les Platanes est un spectacle du collectif La Moire produit par les Filantes. Pour en savoir plus rendez-vous [&hellip;]<\/p>\n","protected":false},"author":1,"featured_media":0,"parent":0,"menu_order":0,"comment_status":"closed","ping_status":"closed","template":"","meta":{"site-sidebar-layout":"default","site-content-layout":"","ast-site-content-layout":"default","site-content-style":"default","site-sidebar-style":"default","ast-global-header-display":"","ast-banner-title-visibility":"","ast-main-header-display":"","ast-hfb-above-header-display":"","ast-hfb-below-header-display":"","ast-hfb-mobile-header-display":"","site-post-title":"","ast-breadcrumbs-content":"","ast-featured-img":"","footer-sml-layout":"","ast-disable-related-posts":"","theme-transparent-header-meta":"","adv-header-id-meta":"","stick-header-meta":"","header-above-stick-meta":"","header-main-stick-meta":"","header-below-stick-meta":"","astra-migrate-meta-layouts":"default","ast-page-background-enabled":"default","ast-page-background-meta":{"desktop":{"background-color":"var(--ast-global-color-5)","background-image":"","background-repeat":"repeat","background-position":"center center","background-size":"auto","background-attachment":"scroll","background-type":"","background-media":"","overlay-type":"","overlay-color":"","overlay-opacity":"","overlay-gradient":""},"tablet":{"background-color":"","background-image":"","background-repeat":"repeat","background-position":"center center","background-size":"auto","background-attachment":"scroll","background-type":"","background-media":"","overlay-type":"","overlay-color":"","overlay-opacity":"","overlay-gradient":""},"mobile":{"background-color":"","background-image":"","background-repeat":"repeat","background-position":"center center","background-size":"auto","background-attachment":"scroll","background-type":"","background-media":"","overlay-type":"","overlay-color":"","overlay-opacity":"","overlay-gradient":""}},"ast-content-background-meta":{"desktop":{"background-color":"var(--ast-global-color-4)","background-image":"","background-repeat":"repeat","background-position":"center center","background-size":"auto","background-attachment":"scroll","background-type":"","background-media":"","overlay-type":"","overlay-color":"","overlay-opacity":"","overlay-gradient":""},"tablet":{"background-color":"var(--ast-global-color-4)","background-image":"","background-repeat":"repeat","background-position":"center center","background-size":"auto","background-attachment":"scroll","background-type":"","background-media":"","overlay-type":"","overlay-color":"","overlay-opacity":"","overlay-gradient":""},"mobile":{"background-color":"var(--ast-global-color-4)","background-image":"","background-repeat":"repeat","background-position":"center center","background-size":"auto","background-attachment":"scroll","background-type":"","background-media":"","overlay-type":"","overlay-color":"","overlay-opacity":"","overlay-gradient":""}},"footnotes":""},"class_list":["post-64","page","type-page","status-publish","hentry"],"_links":{"self":[{"href":"https:\/\/lesfilantes.fr\/index.php\/wp-json\/wp\/v2\/pages\/64","targetHints":{"allow":["GET"]}}],"collection":[{"href":"https:\/\/lesfilantes.fr\/index.php\/wp-json\/wp\/v2\/pages"}],"about":[{"href":"https:\/\/lesfilantes.fr\/index.php\/wp-json\/wp\/v2\/types\/page"}],"author":[{"embeddable":true,"href":"https:\/\/lesfilantes.fr\/index.php\/wp-json\/wp\/v2\/users\/1"}],"replies":[{"embeddable":true,"href":"https:\/\/lesfilantes.fr\/index.php\/wp-json\/wp\/v2\/comments?post=64"}],"version-history":[{"count":5,"href":"https:\/\/lesfilantes.fr\/index.php\/wp-json\/wp\/v2\/pages\/64\/revisions"}],"predecessor-version":[{"id":118,"href":"https:\/\/lesfilantes.fr\/index.php\/wp-json\/wp\/v2\/pages\/64\/revisions\/118"}],"wp:attachment":[{"href":"https:\/\/lesfilantes.fr\/index.php\/wp-json\/wp\/v2\/media?parent=64"}],"curies":[{"name":"wp","href":"https:\/\/api.w.org\/{rel}","templated":true}]}}