{"id":47,"date":"2026-03-05T12:07:26","date_gmt":"2026-03-05T11:07:26","guid":{"rendered":"https:\/\/lesfilantes.fr\/?page_id=47"},"modified":"2026-03-05T13:41:14","modified_gmt":"2026-03-05T12:41:14","slug":"accueil","status":"publish","type":"page","link":"https:\/\/lesfilantes.fr\/","title":{"rendered":"Accueil"},"content":{"rendered":"\n<figure class=\"wp-block-image aligncenter size-large\"><img loading=\"lazy\" decoding=\"async\" width=\"1024\" height=\"379\" src=\"https:\/\/lesfilantes.fr\/wp-content\/uploads\/2026\/03\/392918864_843177414263150_7352059081989660507_n-1024x379.jpg\" alt=\"\" class=\"wp-image-106\" srcset=\"https:\/\/lesfilantes.fr\/wp-content\/uploads\/2026\/03\/392918864_843177414263150_7352059081989660507_n-1024x379.jpg 1024w, https:\/\/lesfilantes.fr\/wp-content\/uploads\/2026\/03\/392918864_843177414263150_7352059081989660507_n-300x111.jpg 300w, https:\/\/lesfilantes.fr\/wp-content\/uploads\/2026\/03\/392918864_843177414263150_7352059081989660507_n-768x284.jpg 768w, https:\/\/lesfilantes.fr\/wp-content\/uploads\/2026\/03\/392918864_843177414263150_7352059081989660507_n-1536x569.jpg 1536w, https:\/\/lesfilantes.fr\/wp-content\/uploads\/2026\/03\/392918864_843177414263150_7352059081989660507_n-2048x758.jpg 2048w\" sizes=\"auto, (max-width: 1024px) 100vw, 1024px\" \/><\/figure>\n\n\n\n<p class=\"has-text-align-center\">Compagnie de spectacle vivant fond\u00e9e en 2017, LES FILANTES na\u00eet de la rencontre de trois artistes \u2014 une danseuse, une circassienne et une com\u00e9dienne \u2014 d\u00e9sireuses de croiser leurs langages pour cr\u00e9er un spectacle commun.<\/p>\n\n\n\n<p class=\"has-text-align-center\">De cette impulsion collective est naissent plusieurs spectacle marqu\u00e9s par le m\u00e9lange des disciplines.<\/p>\n\n\n\n<p class=\"has-text-align-center\">Au fil des ann\u00e9es, chacune a approfondi son propre chemin artistique. Les trajectoires se sont sp\u00e9cialis\u00e9es, les disciplines se sont affirm\u00e9es.<\/p>\n\n\n\n<p class=\"has-text-align-center\">Aujourd\u2019hui, LES FILANTES demeure. Non plus comme un trio permanent, mais comme une structure souple de cr\u00e9ation et de production. <\/p>\n\n\n\n<p class=\"has-text-align-center\">La compagnie accompagne des projets aux \u00e9critures plurielles \u2014 th\u00e9\u00e2trales, corporelles, hybrides \u2014 avec une attention particuli\u00e8re port\u00e9e \u00e0 la po\u00e9sie du geste, \u00e0 l\u2019engagement des corps et des mots, et \u00e0 la rencontre avec les publics.<\/p>\n","protected":false},"excerpt":{"rendered":"<p>Compagnie de spectacle vivant fond\u00e9e en 2017, LES FILANTES na\u00eet de la rencontre de trois artistes \u2014 une danseuse, une [&hellip;]<\/p>\n","protected":false},"author":1,"featured_media":0,"parent":0,"menu_order":0,"comment_status":"closed","ping_status":"closed","template":"","meta":{"site-sidebar-layout":"default","site-content-layout":"","ast-site-content-layout":"default","site-content-style":"default","site-sidebar-style":"default","ast-global-header-display":"","ast-banner-title-visibility":"","ast-main-header-display":"","ast-hfb-above-header-display":"","ast-hfb-below-header-display":"","ast-hfb-mobile-header-display":"","site-post-title":"disabled","ast-breadcrumbs-content":"","ast-featured-img":"","footer-sml-layout":"","ast-disable-related-posts":"","theme-transparent-header-meta":"","adv-header-id-meta":"","stick-header-meta":"","header-above-stick-meta":"","header-main-stick-meta":"","header-below-stick-meta":"","astra-migrate-meta-layouts":"default","ast-page-background-enabled":"default","ast-page-background-meta":{"desktop":{"background-color":"var(--ast-global-color-5)","background-image":"","background-repeat":"repeat","background-position":"center center","background-size":"auto","background-attachment":"scroll","background-type":"","background-media":"","overlay-type":"","overlay-color":"","overlay-opacity":"","overlay-gradient":""},"tablet":{"background-color":"","background-image":"","background-repeat":"repeat","background-position":"center center","background-size":"auto","background-attachment":"scroll","background-type":"","background-media":"","overlay-type":"","overlay-color":"","overlay-opacity":"","overlay-gradient":""},"mobile":{"background-color":"","background-image":"","background-repeat":"repeat","background-position":"center center","background-size":"auto","background-attachment":"scroll","background-type":"","background-media":"","overlay-type":"","overlay-color":"","overlay-opacity":"","overlay-gradient":""}},"ast-content-background-meta":{"desktop":{"background-color":"var(--ast-global-color-4)","background-image":"","background-repeat":"repeat","background-position":"center center","background-size":"auto","background-attachment":"scroll","background-type":"","background-media":"","overlay-type":"","overlay-color":"","overlay-opacity":"","overlay-gradient":""},"tablet":{"background-color":"var(--ast-global-color-4)","background-image":"","background-repeat":"repeat","background-position":"center center","background-size":"auto","background-attachment":"scroll","background-type":"","background-media":"","overlay-type":"","overlay-color":"","overlay-opacity":"","overlay-gradient":""},"mobile":{"background-color":"var(--ast-global-color-4)","background-image":"","background-repeat":"repeat","background-position":"center center","background-size":"auto","background-attachment":"scroll","background-type":"","background-media":"","overlay-type":"","overlay-color":"","overlay-opacity":"","overlay-gradient":""}},"footnotes":""},"class_list":["post-47","page","type-page","status-publish","hentry"],"_links":{"self":[{"href":"https:\/\/lesfilantes.fr\/index.php\/wp-json\/wp\/v2\/pages\/47","targetHints":{"allow":["GET"]}}],"collection":[{"href":"https:\/\/lesfilantes.fr\/index.php\/wp-json\/wp\/v2\/pages"}],"about":[{"href":"https:\/\/lesfilantes.fr\/index.php\/wp-json\/wp\/v2\/types\/page"}],"author":[{"embeddable":true,"href":"https:\/\/lesfilantes.fr\/index.php\/wp-json\/wp\/v2\/users\/1"}],"replies":[{"embeddable":true,"href":"https:\/\/lesfilantes.fr\/index.php\/wp-json\/wp\/v2\/comments?post=47"}],"version-history":[{"count":6,"href":"https:\/\/lesfilantes.fr\/index.php\/wp-json\/wp\/v2\/pages\/47\/revisions"}],"predecessor-version":[{"id":111,"href":"https:\/\/lesfilantes.fr\/index.php\/wp-json\/wp\/v2\/pages\/47\/revisions\/111"}],"wp:attachment":[{"href":"https:\/\/lesfilantes.fr\/index.php\/wp-json\/wp\/v2\/media?parent=47"}],"curies":[{"name":"wp","href":"https:\/\/api.w.org\/{rel}","templated":true}]}}