{"id":38,"date":"2026-03-05T11:44:42","date_gmt":"2026-03-05T10:44:42","guid":{"rendered":"https:\/\/lesfilantes.fr\/?page_id=38"},"modified":"2026-03-05T14:08:59","modified_gmt":"2026-03-05T13:08:59","slug":"le-collectif-la-moire","status":"publish","type":"page","link":"https:\/\/lesfilantes.fr\/index.php\/le-collectif-la-moire\/","title":{"rendered":"Le collectif La Moire"},"content":{"rendered":"\n<figure class=\"wp-block-image aligncenter size-full is-resized\"><a href=\"https:\/\/lamoire.fr\"><img loading=\"lazy\" decoding=\"async\" width=\"1024\" height=\"1024\" src=\"https:\/\/lesfilantes.fr\/wp-content\/uploads\/2026\/03\/logo-La-Moire.png\" alt=\"\" class=\"wp-image-93\" style=\"width:199px;height:auto\" srcset=\"https:\/\/lesfilantes.fr\/wp-content\/uploads\/2026\/03\/logo-La-Moire.png 1024w, https:\/\/lesfilantes.fr\/wp-content\/uploads\/2026\/03\/logo-La-Moire-300x300.png 300w, https:\/\/lesfilantes.fr\/wp-content\/uploads\/2026\/03\/logo-La-Moire-150x150.png 150w, https:\/\/lesfilantes.fr\/wp-content\/uploads\/2026\/03\/logo-La-Moire-768x768.png 768w\" sizes=\"auto, (max-width: 1024px) 100vw, 1024px\" \/><\/a><\/figure>\n\n\n\n<p>Cr\u00e9\u00e9e par la com\u00e9dienne C\u00e9cile Grosjean,&nbsp;<strong>LA MOIRE<\/strong>&nbsp;est la suite logique des premi\u00e8res ann\u00e9es de la Cie Les Filantes. Le collectif rassemble de nouveaux artistes partenaires et invente des cr\u00e9ations qui tissent r\u00e9cits, m\u00e9moire et paysages, au plus pr\u00e8s des publics, dans une esth\u00e9tique r\u00e9solument tourn\u00e9e vers le th\u00e9\u00e2tre et la musique. &nbsp;<br><strong>LA MOIRE<\/strong>&nbsp;est un collectif artistique ancr\u00e9 sur son&nbsp;<strong>territoire<\/strong>, qui cr\u00e9e et partage des&nbsp;<strong>\u00e9critures contemporaines originales<\/strong>.<br>Nous imaginons des formes populaires mais exigeantes, capables de toucher aussi bien sur une place de village que dans un th\u00e9\u00e2tre, sur un parking ou au d\u00e9tour d\u2019un champ.<br>Nos cr\u00e9ations vont \u00e0 la rencontre des publics, et s\u2019accompagnent d\u2019ateliers, de temps d\u2019\u00e9change et d\u2019actions de territoire qui prolongent l\u2019exp\u00e9rience artistique.<br>Nous croyons en un art tout terrain, profond mais accessible, qui tisse des liens entre les&nbsp;<strong>histoires intimes<\/strong>&nbsp;et les&nbsp;<strong>enjeux collectifs<\/strong>.<\/p>\n\n\n\n<p class=\"has-text-align-center\"><a href=\"https:\/\/lamoire.fr\" data-type=\"link\" data-id=\"https:\/\/lamoire.fr\">Acc\u00e8s au site de La Moire<\/a><\/p>\n\n\n\n<p class=\"has-text-align-center\"><a href=\"https:\/\/lamoire.fr\/creation\/\" data-type=\"link\" data-id=\"https:\/\/lamoire.fr\/creation\/\">Les spectacles de La Moire<\/a><\/p>\n\n\n\n<figure class=\"wp-block-image aligncenter size-full\"><img loading=\"lazy\" decoding=\"async\" width=\"2048\" height=\"1152\" src=\"https:\/\/lesfilantes.fr\/wp-content\/uploads\/2026\/03\/493576464_10231908766328154_7587099597810020289_n-2.jpg\" alt=\"\" class=\"wp-image-92\" srcset=\"https:\/\/lesfilantes.fr\/wp-content\/uploads\/2026\/03\/493576464_10231908766328154_7587099597810020289_n-2.jpg 2048w, https:\/\/lesfilantes.fr\/wp-content\/uploads\/2026\/03\/493576464_10231908766328154_7587099597810020289_n-2-300x169.jpg 300w, https:\/\/lesfilantes.fr\/wp-content\/uploads\/2026\/03\/493576464_10231908766328154_7587099597810020289_n-2-1024x576.jpg 1024w, https:\/\/lesfilantes.fr\/wp-content\/uploads\/2026\/03\/493576464_10231908766328154_7587099597810020289_n-2-768x432.jpg 768w, https:\/\/lesfilantes.fr\/wp-content\/uploads\/2026\/03\/493576464_10231908766328154_7587099597810020289_n-2-1536x864.jpg 1536w\" sizes=\"auto, (max-width: 2048px) 100vw, 2048px\" \/><\/figure>\n","protected":false},"excerpt":{"rendered":"<p>Cr\u00e9\u00e9e par la com\u00e9dienne C\u00e9cile Grosjean,&nbsp;LA MOIRE&nbsp;est la suite logique des premi\u00e8res ann\u00e9es de la Cie Les Filantes. Le collectif [&hellip;]<\/p>\n","protected":false},"author":1,"featured_media":0,"parent":0,"menu_order":0,"comment_status":"closed","ping_status":"closed","template":"","meta":{"site-sidebar-layout":"default","site-content-layout":"","ast-site-content-layout":"default","site-content-style":"default","site-sidebar-style":"default","ast-global-header-display":"","ast-banner-title-visibility":"","ast-main-header-display":"","ast-hfb-above-header-display":"","ast-hfb-below-header-display":"","ast-hfb-mobile-header-display":"","site-post-title":"disabled","ast-breadcrumbs-content":"","ast-featured-img":"","footer-sml-layout":"","ast-disable-related-posts":"","theme-transparent-header-meta":"","adv-header-id-meta":"","stick-header-meta":"","header-above-stick-meta":"","header-main-stick-meta":"","header-below-stick-meta":"","astra-migrate-meta-layouts":"default","ast-page-background-enabled":"default","ast-page-background-meta":{"desktop":{"background-color":"var(--ast-global-color-5)","background-image":"","background-repeat":"repeat","background-position":"center center","background-size":"auto","background-attachment":"scroll","background-type":"","background-media":"","overlay-type":"","overlay-color":"","overlay-opacity":"","overlay-gradient":""},"tablet":{"background-color":"","background-image":"","background-repeat":"repeat","background-position":"center center","background-size":"auto","background-attachment":"scroll","background-type":"","background-media":"","overlay-type":"","overlay-color":"","overlay-opacity":"","overlay-gradient":""},"mobile":{"background-color":"","background-image":"","background-repeat":"repeat","background-position":"center center","background-size":"auto","background-attachment":"scroll","background-type":"","background-media":"","overlay-type":"","overlay-color":"","overlay-opacity":"","overlay-gradient":""}},"ast-content-background-meta":{"desktop":{"background-color":"var(--ast-global-color-4)","background-image":"","background-repeat":"repeat","background-position":"center center","background-size":"auto","background-attachment":"scroll","background-type":"","background-media":"","overlay-type":"","overlay-color":"","overlay-opacity":"","overlay-gradient":""},"tablet":{"background-color":"var(--ast-global-color-4)","background-image":"","background-repeat":"repeat","background-position":"center center","background-size":"auto","background-attachment":"scroll","background-type":"","background-media":"","overlay-type":"","overlay-color":"","overlay-opacity":"","overlay-gradient":""},"mobile":{"background-color":"var(--ast-global-color-4)","background-image":"","background-repeat":"repeat","background-position":"center center","background-size":"auto","background-attachment":"scroll","background-type":"","background-media":"","overlay-type":"","overlay-color":"","overlay-opacity":"","overlay-gradient":""}},"footnotes":""},"class_list":["post-38","page","type-page","status-publish","hentry"],"_links":{"self":[{"href":"https:\/\/lesfilantes.fr\/index.php\/wp-json\/wp\/v2\/pages\/38","targetHints":{"allow":["GET"]}}],"collection":[{"href":"https:\/\/lesfilantes.fr\/index.php\/wp-json\/wp\/v2\/pages"}],"about":[{"href":"https:\/\/lesfilantes.fr\/index.php\/wp-json\/wp\/v2\/types\/page"}],"author":[{"embeddable":true,"href":"https:\/\/lesfilantes.fr\/index.php\/wp-json\/wp\/v2\/users\/1"}],"replies":[{"embeddable":true,"href":"https:\/\/lesfilantes.fr\/index.php\/wp-json\/wp\/v2\/comments?post=38"}],"version-history":[{"count":7,"href":"https:\/\/lesfilantes.fr\/index.php\/wp-json\/wp\/v2\/pages\/38\/revisions"}],"predecessor-version":[{"id":133,"href":"https:\/\/lesfilantes.fr\/index.php\/wp-json\/wp\/v2\/pages\/38\/revisions\/133"}],"wp:attachment":[{"href":"https:\/\/lesfilantes.fr\/index.php\/wp-json\/wp\/v2\/media?parent=38"}],"curies":[{"name":"wp","href":"https:\/\/api.w.org\/{rel}","templated":true}]}}