{"id":14,"date":"2026-03-05T12:16:00","date_gmt":"2026-03-05T11:16:00","guid":{"rendered":"https:\/\/lesfilantes.fr\/?page_id=14"},"modified":"2026-03-05T14:07:42","modified_gmt":"2026-03-05T13:07:42","slug":"la-compagnie","status":"publish","type":"page","link":"https:\/\/lesfilantes.fr\/index.php\/la-compagnie\/","title":{"rendered":"La compagnie"},"content":{"rendered":"\n<div class=\"wp-block-media-text is-stacked-on-mobile\" style=\"grid-template-columns:25% auto\"><figure class=\"wp-block-media-text__media\"><img loading=\"lazy\" decoding=\"async\" width=\"800\" height=\"1024\" src=\"https:\/\/lesfilantes.fr\/wp-content\/uploads\/2026\/03\/1757525147301-1600x2048-1-800x1024.jpg\" alt=\"\" class=\"wp-image-127 size-full\" srcset=\"https:\/\/lesfilantes.fr\/wp-content\/uploads\/2026\/03\/1757525147301-1600x2048-1-800x1024.jpg 800w, https:\/\/lesfilantes.fr\/wp-content\/uploads\/2026\/03\/1757525147301-1600x2048-1-234x300.jpg 234w, https:\/\/lesfilantes.fr\/wp-content\/uploads\/2026\/03\/1757525147301-1600x2048-1-768x983.jpg 768w, https:\/\/lesfilantes.fr\/wp-content\/uploads\/2026\/03\/1757525147301-1600x2048-1-1200x1536.jpg 1200w, https:\/\/lesfilantes.fr\/wp-content\/uploads\/2026\/03\/1757525147301-1600x2048-1.jpg 1600w\" sizes=\"auto, (max-width: 800px) 100vw, 800px\" \/><\/figure><div class=\"wp-block-media-text__content\">\n<p class=\"has-small-font-size\"><strong>C\u00e9cile Grosjean<\/strong>, com\u00e9dienne et metteuse en sc\u00e8ne<\/p>\n\n\n\n<p class=\"has-small-font-size\">J\u2019ai grandi dans les plaines de Lorraine. Gamine, c\u2019est dans les petits villages meusiens avec la Cie Azimut que j\u2019ai d\u00e9couvert mes premiers penchants pour le jeu. La rue et le th\u00e9\u00e2tre, l\u2019espace qui se r\u00e9invente pour un instant, le corps en jeu qui redessine l\u2019histoire des fonderies, des granges et des b\u00e2tisses.&nbsp;<\/p>\n\n\n\n<p class=\"has-small-font-size\">J\u2019ai \u00e9volu\u00e9 en tanguant entre des univers toujours nouveaux, nourris de voyages, d\u2019un long passage \u00e0 Marseille, d\u2019\u00e9tudes universitaires et d\u2019une formation \u00e0 l\u2019\u00e9cole de th\u00e9\u00e2tre Act\u00e9on \u00e0 Avignon.&nbsp;<\/p>\n\n\n\n<p class=\"has-small-font-size\">Depuis, j\u2019ai travaill\u00e9 sur plusieurs spectacles avec la Cie les Filantes que j\u2019ai co-fond\u00e9e, avant de cr\u00e9er ma propre entit\u00e9 artistique pour porter mes projets th\u00e9\u00e2traux: <a href=\"https:\/\/lamoire.fr\" data-type=\"link\" data-id=\"https:\/\/lamoire.fr\">La Moire<\/a>.<\/p>\n\n\n\n<p class=\"has-small-font-size\">Par ailleurs je collabore avec l\u2019<a href=\"https:\/\/www.officine-theatrale-barbacane.com\/\">Officine th\u00e9\u00e2trale Barbacane<\/a>&nbsp;en tant que com\u00e9dienne et assistante menteuse en sc\u00e8ne sur&nbsp;<em>Don Quichotte, Les mondes de Don Quichotte,&nbsp;<\/em>et l\u2019adaptation en cr\u00e9ation&nbsp;<em>La maison de Bernarda Alba.<\/em>&nbsp;Je suis artiste complice du&nbsp;<a href=\"https:\/\/astronef.org\/\">th\u00e9\u00e2tre de l\u2019Astronef&nbsp;<\/a>pour qui j\u2019interviens r\u00e9guli\u00e8rement dans du th\u00e9\u00e2tre forum, du spectacle de rue\u2026&nbsp;<\/p>\n\n\n\n<p class=\"has-small-font-size\">J\u2019affectionne les moments de transmission lors de cours r\u00e9guliers et de stages, notamment \u00e0 la MJC de Laragne-Mont\u00e9glin (05)<\/p>\n<\/div><\/div>\n","protected":false},"excerpt":{"rendered":"<p>C\u00e9cile Grosjean, com\u00e9dienne et metteuse en sc\u00e8ne J\u2019ai grandi dans les plaines de Lorraine. Gamine, c\u2019est dans les petits villages [&hellip;]<\/p>\n","protected":false},"author":1,"featured_media":0,"parent":0,"menu_order":0,"comment_status":"closed","ping_status":"closed","template":"","meta":{"site-sidebar-layout":"default","site-content-layout":"","ast-site-content-layout":"default","site-content-style":"default","site-sidebar-style":"default","ast-global-header-display":"","ast-banner-title-visibility":"","ast-main-header-display":"","ast-hfb-above-header-display":"","ast-hfb-below-header-display":"","ast-hfb-mobile-header-display":"","site-post-title":"","ast-breadcrumbs-content":"","ast-featured-img":"","footer-sml-layout":"","ast-disable-related-posts":"","theme-transparent-header-meta":"","adv-header-id-meta":"","stick-header-meta":"","header-above-stick-meta":"","header-main-stick-meta":"","header-below-stick-meta":"","astra-migrate-meta-layouts":"default","ast-page-background-enabled":"default","ast-page-background-meta":{"desktop":{"background-color":"var(--ast-global-color-5)","background-image":"","background-repeat":"repeat","background-position":"center center","background-size":"auto","background-attachment":"scroll","background-type":"","background-media":"","overlay-type":"","overlay-color":"","overlay-opacity":"","overlay-gradient":""},"tablet":{"background-color":"","background-image":"","background-repeat":"repeat","background-position":"center center","background-size":"auto","background-attachment":"scroll","background-type":"","background-media":"","overlay-type":"","overlay-color":"","overlay-opacity":"","overlay-gradient":""},"mobile":{"background-color":"","background-image":"","background-repeat":"repeat","background-position":"center center","background-size":"auto","background-attachment":"scroll","background-type":"","background-media":"","overlay-type":"","overlay-color":"","overlay-opacity":"","overlay-gradient":""}},"ast-content-background-meta":{"desktop":{"background-color":"var(--ast-global-color-4)","background-image":"","background-repeat":"repeat","background-position":"center center","background-size":"auto","background-attachment":"scroll","background-type":"","background-media":"","overlay-type":"","overlay-color":"","overlay-opacity":"","overlay-gradient":""},"tablet":{"background-color":"var(--ast-global-color-4)","background-image":"","background-repeat":"repeat","background-position":"center center","background-size":"auto","background-attachment":"scroll","background-type":"","background-media":"","overlay-type":"","overlay-color":"","overlay-opacity":"","overlay-gradient":""},"mobile":{"background-color":"var(--ast-global-color-4)","background-image":"","background-repeat":"repeat","background-position":"center center","background-size":"auto","background-attachment":"scroll","background-type":"","background-media":"","overlay-type":"","overlay-color":"","overlay-opacity":"","overlay-gradient":""}},"footnotes":""},"class_list":["post-14","page","type-page","status-publish","hentry"],"_links":{"self":[{"href":"https:\/\/lesfilantes.fr\/index.php\/wp-json\/wp\/v2\/pages\/14","targetHints":{"allow":["GET"]}}],"collection":[{"href":"https:\/\/lesfilantes.fr\/index.php\/wp-json\/wp\/v2\/pages"}],"about":[{"href":"https:\/\/lesfilantes.fr\/index.php\/wp-json\/wp\/v2\/types\/page"}],"author":[{"embeddable":true,"href":"https:\/\/lesfilantes.fr\/index.php\/wp-json\/wp\/v2\/users\/1"}],"replies":[{"embeddable":true,"href":"https:\/\/lesfilantes.fr\/index.php\/wp-json\/wp\/v2\/comments?post=14"}],"version-history":[{"count":6,"href":"https:\/\/lesfilantes.fr\/index.php\/wp-json\/wp\/v2\/pages\/14\/revisions"}],"predecessor-version":[{"id":132,"href":"https:\/\/lesfilantes.fr\/index.php\/wp-json\/wp\/v2\/pages\/14\/revisions\/132"}],"wp:attachment":[{"href":"https:\/\/lesfilantes.fr\/index.php\/wp-json\/wp\/v2\/media?parent=14"}],"curies":[{"name":"wp","href":"https:\/\/api.w.org\/{rel}","templated":true}]}}